{"id":315,"date":"2020-02-14T13:07:30","date_gmt":"2020-02-14T12:07:30","guid":{"rendered":"http:\/\/srfp.bfconsulting.com\/?page_id=315"},"modified":"2021-09-09T14:00:12","modified_gmt":"2021-09-09T12:00:12","slug":"pocetna-strana","status":"publish","type":"page","link":"https:\/\/srfp.bfconsulting.com\/sr\/","title":{"rendered":"Po\u010detna strana"},"content":{"rendered":"<div id=\"pl-315\"  class=\"panel-layout\" ><div id=\"pg-315-0\"  class=\"panel-grid panel-has-style\" ><div class=\"page-header siteorigin-panels-stretch panel-row-style panel-row-style-for-315-0\" data-stretch-type=\"full\" ><div id=\"pgc-315-0-0\"  class=\"panel-grid-cell\" ><div id=\"panel-315-0-0-0\" class=\"so-panel widget widget_text panel-first-child\" data-index=\"0\" ><div class=\"main-title panel-widget-style panel-widget-style-for-315-0-0-0\" ><h3 class=\"widget-title\">Razvoj finansijskog sistema u ruralnim oblastima u Srbiji<\/h3>\t\t\t<div class=\"textwidget\"><p>Unapre\u0111enje pristupa kreditima i podr\u0161ka konkurentnosti mikro, malih i srednjih preduze\u0107a i preduzetnika (MMSP).<\/p>\n<\/div>\n\t\t<\/div><\/div><div id=\"panel-315-0-0-1\" class=\"so-panel widget widget_siteorigin-panels-builder panel-last-child\" data-index=\"1\" ><div id=\"pl-w5f8005074656b\"  class=\"panel-layout\" ><div id=\"pg-w5f8005074656b-0\"  class=\"panel-grid panel-no-style\" ><div id=\"pgc-w5f8005074656b-0-0\"  class=\"panel-grid-cell\" ><div id=\"panel-w5f8005074656b-0-0-0\" class=\"so-panel widget widget_sow-image panel-first-child panel-last-child\" data-index=\"0\" ><div class=\"nice-image s-title svg-image panel-widget-style panel-widget-style-for-w5f8005074656b-0-0-0\" ><div\n\t\t\t\n\t\t\tclass=\"so-widget-sow-image so-widget-sow-image-default-113ccd71f3e6\"\n\t\t\t\n\t\t>\n<div class=\"sow-image-container\">\n\t\t\t<a href=\"\/training-sessions\/\"\n\t\t\t\t\t>\n\t\t\t<img \n\tsrc=\"https:\/\/srfp.bfconsulting.com\/wp-content\/themes\/srfp\/icons\/set-1_1.svg\" title=\"Obuka\" alt=\"\" \t\tclass=\"so-widget-image\"\/>\n\t\t\t<\/a><\/div>\n\n<h3 class=\"widget-title\">Obuka<\/h3><\/div><\/div><\/div><\/div><div id=\"pgc-w5f8005074656b-0-1\"  class=\"panel-grid-cell\" ><div id=\"panel-w5f8005074656b-0-1-0\" class=\"so-panel widget widget_sow-image panel-first-child panel-last-child\" data-index=\"1\" ><div class=\"nice-image s-title svg-image panel-widget-style panel-widget-style-for-w5f8005074656b-0-1-0\" ><div\n\t\t\t\n\t\t\tclass=\"so-widget-sow-image so-widget-sow-image-default-113ccd71f3e6\"\n\t\t\t\n\t\t>\n<div class=\"sow-image-container\">\n\t\t\t<a href=\"\/activities\/\"\n\t\t\t\t\t>\n\t\t\t<img \n\tsrc=\"https:\/\/srfp.bfconsulting.com\/wp-content\/themes\/srfp\/icons\/set-1_2.svg\" title=\"Mentorstvo\" alt=\"\" \t\tclass=\"so-widget-image\"\/>\n\t\t\t<\/a><\/div>\n\n<h3 class=\"widget-title\">Mentorstvo<\/h3><\/div><\/div><\/div><\/div><div id=\"pgc-w5f8005074656b-0-2\"  class=\"panel-grid-cell\" ><div id=\"panel-w5f8005074656b-0-2-0\" class=\"so-panel widget widget_sow-image panel-first-child panel-last-child\" data-index=\"2\" ><div class=\"nice-image s-title svg-image panel-widget-style panel-widget-style-for-w5f8005074656b-0-2-0\" ><div\n\t\t\t\n\t\t\tclass=\"so-widget-sow-image so-widget-sow-image-default-113ccd71f3e6\"\n\t\t\t\n\t\t>\n<div class=\"sow-image-container\">\n\t\t\t<a href=\"\/activities\/\"\n\t\t\t\t\t>\n\t\t\t<img \n\tsrc=\"https:\/\/srfp.bfconsulting.com\/wp-content\/themes\/srfp\/icons\/set-1_3.svg\" title=\"Razvoj mlekarskog sektora\" alt=\"\" \t\tclass=\"so-widget-image\"\/>\n\t\t\t<\/a><\/div>\n\n<h3 class=\"widget-title\">Razvoj mlekarskog sektora<\/h3><\/div><\/div><\/div><\/div><div id=\"pgc-w5f8005074656b-0-3\"  class=\"panel-grid-cell\" ><div id=\"panel-w5f8005074656b-0-3-0\" class=\"so-panel widget widget_sow-image panel-first-child panel-last-child\" data-index=\"3\" ><div class=\"nice-image s-title svg-image panel-widget-style panel-widget-style-for-w5f8005074656b-0-3-0\" ><div\n\t\t\t\n\t\t\tclass=\"so-widget-sow-image so-widget-sow-image-default-113ccd71f3e6\"\n\t\t\t\n\t\t>\n<div class=\"sow-image-container\">\n\t\t\t<a href=\"\/docs-media\/\"\n\t\t\t\t\t>\n\t\t\t<img \n\tsrc=\"https:\/\/srfp.bfconsulting.com\/wp-content\/themes\/srfp\/icons\/set-1_4.svg\" title=\"Dokumenti i video za obuku\" alt=\"\" \t\tclass=\"so-widget-image\"\/>\n\t\t\t<\/a><\/div>\n\n<h3 class=\"widget-title\">Dokumenti i video za obuku<\/h3><\/div><\/div><\/div><\/div><\/div><\/div><\/div><\/div><\/div><\/div><div id=\"pg-315-1\"  class=\"panel-grid panel-no-style\" ><div id=\"pgc-315-1-0\"  class=\"panel-grid-cell\" ><div id=\"panel-315-1-0-0\" class=\"so-panel widget widget_sow-editor panel-first-child panel-last-child\" data-index=\"2\" ><div\n\t\t\t\n\t\t\tclass=\"so-widget-sow-editor so-widget-sow-editor-base\"\n\t\t\t\n\t\t>\n<div class=\"siteorigin-widget-tinymce textwidget\">\n\t<p>Razvoj finansijskog sistema u ruralnim oblastima u Srbiji (SRFP) finansira Nema\u010dka razvojna saradnja, a implementira Business and Finance Consulting (BFC) u partnerstvu sa Ministarstvom poljoprivrede, \u0161umarstva i vodoprivrede Republike Srbije.<\/p>\n<blockquote><p>Op\u0161ti cilj SRFP je da se unapredi pristup finansiranju i podr\u0161ka konkurentnosti MMSP (mikro, malim i srednjim preduze\u0107ima) i preduzetnicima u ruralnim podru\u010djima, a \u0161to bi rezultiralo unapre\u0111enjem mogu\u0107nosti za prihodovanje ruralnog stanovni\u0161tva u Srbiji.<\/p><\/blockquote>\n<p>SRFP namerava da pobolj\u0161a aktivnosti MMSP sektora na lokalnim i regionalnim tr\u017ei\u0161tima unapre\u0111enjem menad\u017eerskih znanja i ve\u0161tina postoje\u0107eg MMSP sektora. Bilo da se radi o poljoprivrednom ili nepoljoprivrednom preduze\u0107u, Program \u0107e nastojati da uti\u010de na nivo prihoda kao i da stvara mogu\u0107nosti za zapo\u0161ljavanje.<\/p>\n<p><img loading=\"lazy\" decoding=\"async\" class=\"aligncenter size-full wp-image-175\" src=\"https:\/\/srfp.bfconsulting.com\/wp-content\/uploads\/sites\/9\/2020\/02\/srfp-photo-collage-1.jpg\" alt=\"\" width=\"606\" height=\"427\" \/><\/p>\n<p>Ciljevi Programa \u0107e biti ostvareni kroz obezbe\u0111ivanje obuka iz raznih oblasti uklju\u010duju\u0107i: kako izraditi biznis plan prihvatljiv za banke, obuka u vezi sa IPARD ili Vladinim subvencijama, finansijsko upravljanje, sticanje poslovnih sertifikata, razvoj izvoza, kao i niz drugih obuka. Obuke SRFP su otvorene za sva MMSP u op\u0161tinama \u0161irom Srbije.<\/p>\n<\/div>\n<\/div><\/div><\/div><div id=\"pgc-315-1-1\"  class=\"panel-grid-cell\" ><div class=\"shadow-box pad2 panel-cell-style panel-cell-style-for-315-1-1\" ><div id=\"panel-315-1-1-0\" class=\"so-panel widget widget_sow-editor panel-first-child panel-last-child\" data-index=\"3\" ><div\n\t\t\t\n\t\t\tclass=\"so-widget-sow-editor so-widget-sow-editor-base\"\n\t\t\t\n\t\t><h3 class=\"widget-title\">Nedavno<\/h3>\n<div class=\"siteorigin-widget-tinymce textwidget\">\n\t<div class=\"re_posts\"><a href=\"https:\/\/srfp.bfconsulting.com\/sr\/vinarija-mitrovic-u-leskovcu-dugorocni-planovi-se-unapreduju-uz-pomoc-kredita-unicredit-banka\/\" title=\"Vinarija Mitrovic\u0301 u Leskovcu: dugoro\u010dni planovi se unapre\u0111uju uz pomo\u0107 kredita UniCredit banka\" ><img loading=\"lazy\" decoding=\"async\" width=\"150\" height=\"150\" src=\"https:\/\/srfp.bfconsulting.com\/wp-content\/uploads\/sites\/9\/2022\/11\/vineyard-150x150.jpg\" class=\"attachment-thumbnail size-thumbnail wp-post-image\" alt=\"\" \/>Vinarija Mitrovic\u0301 u Leskovcu: dugoro\u010dni planovi se unapre\u0111uju uz pomo\u0107 kredita UniCredit banka<\/a><\/div><div class=\"re_posts\"><a href=\"https:\/\/srfp.bfconsulting.com\/sr\/uzgajaliste-pastrmki-u-zlatiborskoj-regiji-pokrenuto-uz-pomoc-kredita-unicredit-banka\/\" title=\"Uzgajali\u0161te pastrmki u zlatiborskoj regiji pokrenuto uz pomo\u0107 kredita UniCredit banka\" ><img loading=\"lazy\" decoding=\"async\" width=\"150\" height=\"150\" src=\"https:\/\/srfp.bfconsulting.com\/wp-content\/uploads\/sites\/9\/2022\/11\/ljubis-cover-150x150.jpg\" class=\"attachment-thumbnail size-thumbnail wp-post-image\" alt=\"\" \/>Uzgajali\u0161te pastrmki u zlatiborskoj regiji pokrenuto uz pomo\u0107 kredita UniCredit banka<\/a><\/div><div class=\"re_posts\"><a href=\"https:\/\/srfp.bfconsulting.com\/sr\/agribulletin-84-september-2022-eng\/\" title=\"AgriBulletin #84, September 2022 (eng)\" ><img loading=\"lazy\" decoding=\"async\" width=\"150\" height=\"150\" src=\"https:\/\/srfp.bfconsulting.com\/wp-content\/uploads\/sites\/9\/2022\/10\/Serbia-AgriBulletin-84-SEP-22-150x150.png\" class=\"attachment-thumbnail size-thumbnail wp-post-image\" alt=\"\" \/>AgriBulletin #84, September 2022 (eng)<\/a><\/div><div class=\"re_posts\"><a href=\"https:\/\/srfp.bfconsulting.com\/sr\/agribulletin-83-august-2022-eng\/\" title=\"AgriBulletin #83, August 2022 (eng)\" ><img loading=\"lazy\" decoding=\"async\" width=\"150\" height=\"150\" src=\"https:\/\/srfp.bfconsulting.com\/wp-content\/uploads\/sites\/9\/2022\/10\/Serbia-AgriBulletin-83-AUG-22-150x150.jpg\" class=\"attachment-thumbnail size-thumbnail wp-post-image\" alt=\"\" \/>AgriBulletin #83, August 2022 (eng)<\/a><\/div><div class=\"re_posts\"><a href=\"https:\/\/srfp.bfconsulting.com\/sr\/agribulletin-82-july-2022-eng\/\" title=\"AgriBulletin #82, July 2022 (eng)\" ><img loading=\"lazy\" decoding=\"async\" width=\"150\" height=\"150\" src=\"https:\/\/srfp.bfconsulting.com\/wp-content\/uploads\/sites\/9\/2022\/10\/Serbia-AgriBulletin-82-JUL-22-150x150.jpg\" class=\"attachment-thumbnail size-thumbnail wp-post-image\" alt=\"\" \/>AgriBulletin #82, July 2022 (eng)<\/a><\/div>\n<\/div>\n<\/div><\/div><\/div><\/div><\/div><\/div>","protected":false},"excerpt":{"rendered":"<p>Unapre\u0111enje pristupa kreditima i podr\u0161ka konkurentnosti mikro, malih i srednjih preduze\u0107a i preduzetnika (MMSP). Razvoj finansijskog sistema u ruralnim oblastima u Srbiji (SRFP) finansira Nema\u010dka razvojna saradnja, a implementira Business and Finance Consulting (BFC) u partnerstvu sa Ministarstvom poljoprivrede, \u0161umarstva i vodoprivrede Republike Srbije. Op\u0161ti cilj SRFP je da se unapredi pristup finansiranju i podr\u0161ka [&hellip;]<\/p>\n","protected":false},"author":1,"featured_media":0,"parent":0,"menu_order":1,"comment_status":"closed","ping_status":"closed","template":"templates\/template-full-width.php","meta":{"_acf_changed":false,"inline_featured_image":false,"footnotes":""},"class_list":["post-315","page","type-page","status-publish","hentry"],"acf":[],"_links":{"self":[{"href":"https:\/\/srfp.bfconsulting.com\/sr\/wp-json\/wp\/v2\/pages\/315","targetHints":{"allow":["GET"]}}],"collection":[{"href":"https:\/\/srfp.bfconsulting.com\/sr\/wp-json\/wp\/v2\/pages"}],"about":[{"href":"https:\/\/srfp.bfconsulting.com\/sr\/wp-json\/wp\/v2\/types\/page"}],"author":[{"embeddable":true,"href":"https:\/\/srfp.bfconsulting.com\/sr\/wp-json\/wp\/v2\/users\/1"}],"replies":[{"embeddable":true,"href":"https:\/\/srfp.bfconsulting.com\/sr\/wp-json\/wp\/v2\/comments?post=315"}],"version-history":[{"count":24,"href":"https:\/\/srfp.bfconsulting.com\/sr\/wp-json\/wp\/v2\/pages\/315\/revisions"}],"predecessor-version":[{"id":1467,"href":"https:\/\/srfp.bfconsulting.com\/sr\/wp-json\/wp\/v2\/pages\/315\/revisions\/1467"}],"wp:attachment":[{"href":"https:\/\/srfp.bfconsulting.com\/sr\/wp-json\/wp\/v2\/media?parent=315"}],"curies":[{"name":"wp","href":"https:\/\/api.w.org\/{rel}","templated":true}]}}