{"id":381,"date":"2020-02-17T11:06:35","date_gmt":"2020-02-17T10:06:35","guid":{"rendered":"http:\/\/srfp.bfconsulting.com\/?page_id=381"},"modified":"2020-09-16T12:09:15","modified_gmt":"2020-09-16T10:09:15","slug":"o-nama","status":"publish","type":"page","link":"https:\/\/srfp.bfconsulting.com\/sr\/o-nama\/","title":{"rendered":"O nama"},"content":{"rendered":"<div id=\"pl-381\"  class=\"panel-layout\" ><div id=\"pg-381-0\"  class=\"panel-grid panel-has-style\" ><div class=\"page-header siteorigin-panels-stretch panel-row-style panel-row-style-for-381-0\" data-stretch-type=\"full\" ><div id=\"pgc-381-0-0\"  class=\"panel-grid-cell\" ><div id=\"panel-381-0-0-0\" class=\"so-panel widget widget_sow-editor panel-first-child panel-last-child\" data-index=\"0\" ><div class=\"main-title panel-widget-style panel-widget-style-for-381-0-0-0\" ><div\n\t\t\t\n\t\t\tclass=\"so-widget-sow-editor so-widget-sow-editor-base\"\n\t\t\t\n\t\t><h3 class=\"widget-title\">O nama<\/h3>\n<div class=\"siteorigin-widget-tinymce textwidget\">\n\t<p>Saznajte vi\u0161e o tome ko u\u010destvuje u SRFP, \u0161ta \u017eeli da postigne i koga \u0107e podr\u017eati.<\/p>\n<\/div>\n<\/div><\/div><\/div><\/div><\/div><\/div><div id=\"pg-381-1\"  class=\"panel-grid panel-no-style\" ><div id=\"pgc-381-1-0\"  class=\"panel-grid-cell\" ><div id=\"panel-381-1-0-0\" class=\"so-panel widget widget_sow-editor panel-first-child\" data-index=\"1\" ><div\n\t\t\t\n\t\t\tclass=\"so-widget-sow-editor so-widget-sow-editor-base\"\n\t\t\t\n\t\t><h3 class=\"widget-title\">O Programu<\/h3>\n<div class=\"siteorigin-widget-tinymce textwidget\">\n\t<div class=\"clear\"><img loading=\"lazy\" decoding=\"async\" class=\"alignleft size-full wp-image-7\" src=\"https:\/\/srfp.bfconsulting.com\/wp-content\/uploads\/sites\/9\/2020\/02\/SRFP_Logo_Full_t.png\" alt=\"\" width=\"240\" height=\"116\" srcset=\"https:\/\/srfp.bfconsulting.com\/wp-content\/uploads\/sites\/9\/2020\/02\/SRFP_Logo_Full_t.png 480w, https:\/\/srfp.bfconsulting.com\/wp-content\/uploads\/sites\/9\/2020\/02\/SRFP_Logo_Full_t-300x145.png 300w\" sizes=\"auto, (max-width: 240px) 100vw, 240px\" \/><\/div>\n<p>Op\u0161ti ciljevi Programa su da se obezbedi pristup kreditiranju i podr\u0161ka konkurentnosti za MMSP u ruralnim podru\u010djima. Program se fokusira na podr\u0161ku putem pobolj\u0161anja menad\u017eerskih ve\u0161tina i kapaciteta  ruralnih MMSP-a, obzirom da je to glavni faktor uspeha i odr\u017eivosti bilo koje ekonomske aktivnosti.<\/p>\n<h3>\u010cetiri programska zadatka:<\/h3>\n<ul>\n<li>Zadatak A \u2013 Unapre\u0111enje kreditiranja  poljoprivrede kod partnerskih banaka<\/li>\n<li>Zadatak B \u2013 Osmi\u0161ljavanje i sprovo\u0111enje obuke za ciljne grupe<\/li>\n<li>Zadatak C \u2013 Podr\u0161ka u uspostavljanju robne berze i modernizaciji propisa<\/li>\n<li>Zadatak D \u2013 Podr\u0161ka Ministarstvu poljoprivrede, \u0161umarstva i vodoprivrede Republike Srbije u sprovo\u0111enju Projekta<\/li>\n<\/ul>\n<\/div>\n<\/div><\/div><div id=\"panel-381-1-0-1\" class=\"so-panel widget widget_sow-editor\" data-index=\"2\" ><div\n\t\t\t\n\t\t\tclass=\"so-widget-sow-editor so-widget-sow-editor-base\"\n\t\t\t\n\t\t><h3 class=\"widget-title\">Podr\u0161ka konkurentnosti za MMSP u ruralnim podru\u010djima Srbije<\/h3>\n<div class=\"siteorigin-widget-tinymce textwidget\">\n\t<div class=\"siteorigin-widget-tinymce textwidget\">\n<p>Podr\u0161ka konkuretnosti je klju\u010dna tema za SRFP i uop\u0161te za razvoj Srbije, naro\u010dito u svetlu procesa evrointegracija i izazova i mogu\u0107nosti koje on donosi.<\/p>\n<p><img loading=\"lazy\" decoding=\"async\" class=\"aligncenter size-full wp-image-222\" src=\"https:\/\/srfp.bfconsulting.com\/wp-content\/uploads\/sites\/9\/2020\/02\/srfp-about-collage.jpg\" alt=\"\" width=\"600\" height=\"500\" srcset=\"https:\/\/srfp.bfconsulting.com\/wp-content\/uploads\/sites\/9\/2020\/02\/srfp-about-collage.jpg 600w, https:\/\/srfp.bfconsulting.com\/wp-content\/uploads\/sites\/9\/2020\/02\/srfp-about-collage-300x250.jpg 300w\" sizes=\"auto, (max-width: 600px) 100vw, 600px\" \/><\/p>\n<p>Smatramo da je edukacija i obuka MMSP-a i preduzetnika u ruralnim oblastima klju\u010dni faktor za uspe\u0161no pobolj\u0161anje konkurentnosti. Ako znaju kako da bolje planiraju svoj posao, pove\u0107aju pristup finansiranju, sertifikuju proizvode za izvoz, a tako\u0111e znaju i kako da dobiju podr\u0161ku vlade, MMSP \u0107e biti u mogu\u0107nosti da stvaraju nove proizvode, isporu\u010de ih tr\u017ei\u0161tu i stvore prihod. Kako bi to postigli, aktivnosti na izgradnji kapaciteta u okviru Programa \u0107e naro\u010dito obratiti pa\u017enju na:<\/p>\n<ul>\n<li>MMSP (mikro i mala ruralna preduze\u0107a) uklju\u010duju\u0107i poljoprivredna i nepoljoprivredna preduze\u0107a, kao i seoska gazdinstva<\/li>\n<li>Srednja preduze\u0107a koja su aktivna u ruralnim podru\u010djima (uklju\u010duju\u0107i poljoprivredna i nepoljoprivredna preduze\u0107a)<\/li>\n<li>Naslednike farmi<\/li>\n<\/ul>\n<\/div>\n<\/div>\n<\/div><\/div><div id=\"panel-381-1-0-2\" class=\"so-panel widget widget_sow-editor panel-last-child\" data-index=\"3\" ><div\n\t\t\t\n\t\t\tclass=\"so-widget-sow-editor so-widget-sow-editor-base\"\n\t\t\t\n\t\t><h3 class=\"widget-title\">O BFC<\/h3>\n<div class=\"siteorigin-widget-tinymce textwidget\">\n\t<div class=\"clear\"><img loading=\"lazy\" decoding=\"async\" class=\"alignleft size-full wp-image-50\" src=\"https:\/\/srfp.bfconsulting.com\/wp-content\/uploads\/sites\/9\/2020\/02\/footer-bfc.png\" alt=\"\" width=\"400\" height=\"100\" srcset=\"https:\/\/srfp.bfconsulting.com\/wp-content\/uploads\/sites\/9\/2020\/02\/footer-bfc.png 400w, https:\/\/srfp.bfconsulting.com\/wp-content\/uploads\/sites\/9\/2020\/02\/footer-bfc-300x75.png 300w\" sizes=\"auto, (max-width: 400px) 100vw, 400px\" \/><\/div>\n<p>BFC promovi\u0161e i poma\u017ee razvoj finansijskog sektora na tr\u017ei\u0161tima u razvoju kroz obezbe\u0111ivanje inovativnih konsultativnih usluga. Od na\u0161eg osnivanja 2003, pokazali smo veliku strast da doprinesemo razvoju u zemljama \u0161irom sveta kroz veliki broj projekata.<\/p>\n<p>BFC je prisutan na Zapadnom Balkanu od 2008 i sproveo je veliki broj projekata u Srbiji, Crnoj Gori, Severnoj Makedoniji, Bosni i Hercegovini, Albaniji i na Kosovu. To uklju\u010duje zadatke u izgradnji kapaciteta finansijskih institucija u finansiranju MMSP (mikro, mala i srednja preduze\u0107a) segmenta i poljoprivrede, kao i studije vezane za pristup finansiranju (uklju\u010duju\u0107i studije koje pokrivaju ceo region). Kroz te zadatke dobro smo se upoznali sa regionalnim i lokalnim finansijskim tr\u017ei\u0161tima, mogli smo da podr\u017eimo banke i mikrofinansijske institucije u razvoju i unapre\u0111enju kreditiranja MMSP, stvorili smo i unapredili procese i proizvode za ruralno i kreditiranje poljoprivrede, uveli smo uspe\u0161ne alate za automatizaciju kreditiranja, osna\u017eili upravljanja kreditnim rizikom i obezbedili obuku i podu\u010davanje za menad\u017eere i kreditno osoblje.<\/p>\n<\/div>\n<\/div><\/div><\/div><\/div><\/div>","protected":false},"excerpt":{"rendered":"<p>Saznajte vi\u0161e o tome ko u\u010destvuje u SRFP, \u0161ta \u017eeli da postigne i koga \u0107e podr\u017eati. Op\u0161ti ciljevi Programa su da se obezbedi pristup kreditiranju i podr\u0161ka konkurentnosti za MMSP u ruralnim podru\u010djima. Program se fokusira na podr\u0161ku putem pobolj\u0161anja menad\u017eerskih ve\u0161tina i kapaciteta ruralnih MMSP-a, obzirom da je to glavni faktor uspeha i odr\u017eivosti [&hellip;]<\/p>\n","protected":false},"author":1,"featured_media":0,"parent":0,"menu_order":2,"comment_status":"closed","ping_status":"closed","template":"","meta":{"_acf_changed":false,"inline_featured_image":false,"footnotes":""},"class_list":["post-381","page","type-page","status-publish","hentry"],"acf":[],"_links":{"self":[{"href":"https:\/\/srfp.bfconsulting.com\/sr\/wp-json\/wp\/v2\/pages\/381","targetHints":{"allow":["GET"]}}],"collection":[{"href":"https:\/\/srfp.bfconsulting.com\/sr\/wp-json\/wp\/v2\/pages"}],"about":[{"href":"https:\/\/srfp.bfconsulting.com\/sr\/wp-json\/wp\/v2\/types\/page"}],"author":[{"embeddable":true,"href":"https:\/\/srfp.bfconsulting.com\/sr\/wp-json\/wp\/v2\/users\/1"}],"replies":[{"embeddable":true,"href":"https:\/\/srfp.bfconsulting.com\/sr\/wp-json\/wp\/v2\/comments?post=381"}],"version-history":[{"count":8,"href":"https:\/\/srfp.bfconsulting.com\/sr\/wp-json\/wp\/v2\/pages\/381\/revisions"}],"predecessor-version":[{"id":784,"href":"https:\/\/srfp.bfconsulting.com\/sr\/wp-json\/wp\/v2\/pages\/381\/revisions\/784"}],"wp:attachment":[{"href":"https:\/\/srfp.bfconsulting.com\/sr\/wp-json\/wp\/v2\/media?parent=381"}],"curies":[{"name":"wp","href":"https:\/\/api.w.org\/{rel}","templated":true}]}}