{"id":387,"date":"2020-02-17T11:36:16","date_gmt":"2020-02-17T10:36:16","guid":{"rendered":"http:\/\/srfp.bfconsulting.com\/?page_id=387"},"modified":"2020-06-19T13:36:47","modified_gmt":"2020-06-19T11:36:47","slug":"aktivnosti","status":"publish","type":"page","link":"https:\/\/srfp.bfconsulting.com\/sr\/aktivnosti\/","title":{"rendered":"Aktivnosti"},"content":{"rendered":"<div id=\"pl-387\"  class=\"panel-layout\" ><div id=\"pg-387-0\"  class=\"panel-grid panel-has-style\" ><div class=\"page-header siteorigin-panels-stretch panel-row-style panel-row-style-for-387-0\" data-stretch-type=\"full\" ><div id=\"pgc-387-0-0\"  class=\"panel-grid-cell\" ><div id=\"panel-387-0-0-0\" class=\"so-panel widget widget_sow-editor panel-first-child panel-last-child\" data-index=\"0\" ><div class=\"main-title panel-widget-style panel-widget-style-for-387-0-0-0\" ><div\n\t\t\t\n\t\t\tclass=\"so-widget-sow-editor so-widget-sow-editor-base\"\n\t\t\t\n\t\t><h3 class=\"widget-title\">Aktivnosti<\/h3>\n<div class=\"siteorigin-widget-tinymce textwidget\">\n\t<p>Dodatna obuka i razvojni alati koje nudimo za podr\u0161ku MMSP-ima.<\/p>\n<\/div>\n<\/div><\/div><\/div><\/div><\/div><\/div><div id=\"pg-387-1\"  class=\"panel-grid panel-no-style\" ><div id=\"pgc-387-1-0\"  class=\"panel-grid-cell\" ><div id=\"panel-387-1-0-0\" class=\"so-panel widget widget_sow-editor panel-first-child panel-last-child\" data-index=\"1\" ><div\n\t\t\t\n\t\t\tclass=\"so-widget-sow-editor so-widget-sow-editor-base\"\n\t\t\t\n\t\t><h3 class=\"widget-title\">Mentorstvo<\/h3>\n<div class=\"siteorigin-widget-tinymce textwidget\">\n\t<div class=\"siteorigin-widget-tinymce textwidget\">\n<p>Finansijske potrebe preduze\u0107a su klju\u010dni aspekt ovog Programa. Kroz fokus grupe (kao i kroz anketiranje preduze\u0107a i istra\u017eivanje) prime\u0107eno je da je pisanje biznis plana prihvatljivog za banke, kao i samo podno\u0161enje zahteva za kredit kod banke, predstavljaju zna\u010dajnu prepreku u poslovanju preduze\u0107a u Srbiji. SRFP Program stavlja naglasak na finansijsku pismenost, poslovni menad\u017ement i IPARD program\/subvencije Vlade kao teme za obuku izgradnje ve\u0161tina vlasnika preduze\u0107a.<\/p>\n<p>Posle zavr\u0161etka obuka za pisanje biznis plana ili podno\u0161enje zahteva za IPARD program, svi polaznici obuka \u0107e biti u mogu\u0107nosti da kontaktiraju sa predava\u010dima radi konsultacija. Razumemo da je nemogu\u0107e ste\u0107i svo potrebno znanje da bi se izradio biznis plan prihvatljiv za banke tokom obuke, zbog \u010dega je ponekad potrebno mentorstvo kako bi se re\u0161ili problemi koji mogu iskrsnuti. Na\u0161i treneri \u0107e Vam zato biti na raspolaganju kada Vam je to potrebno.<\/p>\n<\/div>\n<\/div>\n<\/div><\/div><\/div><div id=\"pgc-387-1-1\"  class=\"panel-grid-cell\" ><div id=\"panel-387-1-1-0\" class=\"so-panel widget widget_sow-image panel-first-child panel-last-child\" data-index=\"2\" ><div class=\"nice-image panel-widget-style panel-widget-style-for-387-1-1-0\" ><div\n\t\t\t\n\t\t\tclass=\"so-widget-sow-image so-widget-sow-image-default-8b5b6f678277-387\"\n\t\t\t\n\t\t>\n<div class=\"sow-image-container\">\n\t\t<img \n\tsrc=\"https:\/\/srfp.bfconsulting.com\/wp-content\/uploads\/sites\/9\/2020\/02\/act-mentoring.jpg\" width=\"500\" height=\"500\" srcset=\"https:\/\/srfp.bfconsulting.com\/wp-content\/uploads\/sites\/9\/2020\/02\/act-mentoring.jpg 500w, https:\/\/srfp.bfconsulting.com\/wp-content\/uploads\/sites\/9\/2020\/02\/act-mentoring-300x300.jpg 300w, https:\/\/srfp.bfconsulting.com\/wp-content\/uploads\/sites\/9\/2020\/02\/act-mentoring-150x150.jpg 150w\" sizes=\"(max-width: 500px) 100vw, 500px\" alt=\"\" \t\tclass=\"so-widget-image\"\/>\n\t<\/div>\n\n<\/div><\/div><\/div><\/div><\/div><div id=\"pg-387-2\"  class=\"panel-grid panel-has-style\" ><div class=\"dark-bg pad22 siteorigin-panels-stretch panel-row-style panel-row-style-for-387-2\" data-stretch-type=\"full\" ><div id=\"pgc-387-2-0\"  class=\"panel-grid-cell\" ><div id=\"panel-387-2-0-0\" class=\"so-panel widget widget_sow-image panel-first-child panel-last-child\" data-index=\"3\" ><div class=\"nice-image panel-widget-style panel-widget-style-for-387-2-0-0\" ><div\n\t\t\t\n\t\t\tclass=\"so-widget-sow-image so-widget-sow-image-default-8b5b6f678277-387\"\n\t\t\t\n\t\t>\n<div class=\"sow-image-container\">\n\t\t<img \n\tsrc=\"https:\/\/srfp.bfconsulting.com\/wp-content\/uploads\/sites\/9\/2020\/02\/act-dairy.jpg\" width=\"500\" height=\"500\" srcset=\"https:\/\/srfp.bfconsulting.com\/wp-content\/uploads\/sites\/9\/2020\/02\/act-dairy.jpg 500w, https:\/\/srfp.bfconsulting.com\/wp-content\/uploads\/sites\/9\/2020\/02\/act-dairy-300x300.jpg 300w, https:\/\/srfp.bfconsulting.com\/wp-content\/uploads\/sites\/9\/2020\/02\/act-dairy-150x150.jpg 150w\" sizes=\"(max-width: 500px) 100vw, 500px\" alt=\"\" \t\tclass=\"so-widget-image\"\/>\n\t<\/div>\n\n<\/div><\/div><\/div><\/div><div id=\"pgc-387-2-1\"  class=\"panel-grid-cell\" ><div id=\"panel-387-2-1-0\" class=\"so-panel widget widget_sow-editor panel-first-child panel-last-child\" data-index=\"4\" ><div\n\t\t\t\n\t\t\tclass=\"so-widget-sow-editor so-widget-sow-editor-base\"\n\t\t\t\n\t\t><h3 class=\"widget-title\">Podr\u0161ka mlekarskom sektoru<\/h3>\n<div class=\"siteorigin-widget-tinymce textwidget\">\n\t<div class=\"siteorigin-widget-tinymce textwidget\">\n<p>SRFP naro\u010dito podr\u017eava ruralna preduze\u0107a, bilo da rade u poljoprivrednom ili nepoljoprivrednom sektoru. Imaju\u0107i u vidu va\u017enost i uticaj poljoprivrednog sektora u Srbiji, Program \u0107e organizovati obuke u\u010desnika vrednosnog lanaca u mlekarskom sektoru.<\/p>\n<p>Mlekarski sektor u regionu je tradicionalno povezan sa velikim prera\u0111iva\u010dima, ali i sa mikro, malim i srednjim prera\u0111iva\u010dima mleka koji snabdevaju lokalno tr\u017ei\u0161te proizvodima sa dodatom vredno\u0161\u0107u kao \u0161to su jogurti i sirevi. Ciljna grupa Programa su farmeri i prvi slede\u0107i kupci mleka, \u0161to je po pravilu i kraj lanca vrednosti u pripremi za prodaju potro\u0161a\u010dima.<\/p>\n<\/div>\n<\/div>\n<\/div><\/div><\/div><\/div><\/div><div id=\"pg-387-3\"  class=\"panel-grid panel-no-style\" ><div id=\"pgc-387-3-0\"  class=\"panel-grid-cell\" ><div id=\"panel-387-3-0-0\" class=\"so-panel widget widget_sow-editor panel-first-child panel-last-child\" data-index=\"5\" ><div\n\t\t\t\n\t\t\tclass=\"so-widget-sow-editor so-widget-sow-editor-base\"\n\t\t\t\n\t\t><h3 class=\"widget-title\">Internet seminari (vebinari)<\/h3>\n<div class=\"siteorigin-widget-tinymce textwidget\">\n\t<div class=\"siteorigin-widget-tinymce textwidget\">\n<p>SRFP \u0107e emitovati internet seminare vezane za razne teme od zna\u010daja za poslovnu zajednicu u Srbiji, a koji \u0107e se odr\u017eavati na svakih par meseci preko interneta. Program planira da ti seminari budu interaktivni, da u njima u\u010destvuje dva ili vi\u0161e stru\u010dnjaka i pozvanih govornika, kao i da se u okviru toga odgovara na pitanja postavljena onlajn u vidu komentara. Molimo Vas da redovno proveravate na sajtu kada su zakazani internet seminari.<\/p>\n<\/div>\n<\/div>\n<\/div><\/div><\/div><div id=\"pgc-387-3-1\"  class=\"panel-grid-cell\" ><div id=\"panel-387-3-1-0\" class=\"so-panel widget widget_sow-image panel-first-child panel-last-child\" data-index=\"6\" ><div class=\"nice-image panel-widget-style panel-widget-style-for-387-3-1-0\" ><div\n\t\t\t\n\t\t\tclass=\"so-widget-sow-image so-widget-sow-image-default-8b5b6f678277-387\"\n\t\t\t\n\t\t>\n<div class=\"sow-image-container\">\n\t\t<img \n\tsrc=\"https:\/\/srfp.bfconsulting.com\/wp-content\/uploads\/sites\/9\/2020\/02\/act-webinars.jpg\" width=\"500\" height=\"500\" srcset=\"https:\/\/srfp.bfconsulting.com\/wp-content\/uploads\/sites\/9\/2020\/02\/act-webinars.jpg 500w, https:\/\/srfp.bfconsulting.com\/wp-content\/uploads\/sites\/9\/2020\/02\/act-webinars-300x300.jpg 300w, https:\/\/srfp.bfconsulting.com\/wp-content\/uploads\/sites\/9\/2020\/02\/act-webinars-150x150.jpg 150w\" sizes=\"(max-width: 500px) 100vw, 500px\" alt=\"\" \t\tclass=\"so-widget-image\"\/>\n\t<\/div>\n\n<\/div><\/div><\/div><\/div><\/div><\/div>","protected":false},"excerpt":{"rendered":"<p>Dodatna obuka i razvojni alati koje nudimo za podr\u0161ku MMSP-ima. Finansijske potrebe preduze\u0107a su klju\u010dni aspekt ovog Programa. Kroz fokus grupe (kao i kroz anketiranje preduze\u0107a i istra\u017eivanje) prime\u0107eno je da je pisanje biznis plana prihvatljivog za banke, kao i samo podno\u0161enje zahteva za kredit kod banke, predstavljaju zna\u010dajnu prepreku u poslovanju preduze\u0107a u Srbiji. [&hellip;]<\/p>\n","protected":false},"author":1,"featured_media":0,"parent":0,"menu_order":4,"comment_status":"closed","ping_status":"closed","template":"templates\/template-full-width.php","meta":{"_acf_changed":false,"inline_featured_image":false,"footnotes":""},"class_list":["post-387","page","type-page","status-publish","hentry"],"acf":[],"_links":{"self":[{"href":"https:\/\/srfp.bfconsulting.com\/sr\/wp-json\/wp\/v2\/pages\/387","targetHints":{"allow":["GET"]}}],"collection":[{"href":"https:\/\/srfp.bfconsulting.com\/sr\/wp-json\/wp\/v2\/pages"}],"about":[{"href":"https:\/\/srfp.bfconsulting.com\/sr\/wp-json\/wp\/v2\/types\/page"}],"author":[{"embeddable":true,"href":"https:\/\/srfp.bfconsulting.com\/sr\/wp-json\/wp\/v2\/users\/1"}],"replies":[{"embeddable":true,"href":"https:\/\/srfp.bfconsulting.com\/sr\/wp-json\/wp\/v2\/comments?post=387"}],"version-history":[{"count":9,"href":"https:\/\/srfp.bfconsulting.com\/sr\/wp-json\/wp\/v2\/pages\/387\/revisions"}],"predecessor-version":[{"id":531,"href":"https:\/\/srfp.bfconsulting.com\/sr\/wp-json\/wp\/v2\/pages\/387\/revisions\/531"}],"wp:attachment":[{"href":"https:\/\/srfp.bfconsulting.com\/sr\/wp-json\/wp\/v2\/media?parent=387"}],"curies":[{"name":"wp","href":"https:\/\/api.w.org\/{rel}","templated":true}]}}